{"id":474,"date":"2019-07-15T14:57:11","date_gmt":"2019-07-15T14:57:11","guid":{"rendered":"https:\/\/www.lalanterna.info\/cookies-policy\/"},"modified":"2019-07-15T15:21:31","modified_gmt":"2019-07-15T15:21:31","slug":"cookies-policy","status":"publish","type":"page","link":"https:\/\/www.lalanterna.info\/en\/cookies-policy\/","title":{"rendered":"Cookies Policy"},"content":{"rendered":"<p>[vc_row][vc_column]<div class=\"ult-spacer spacer-69f1f6c866644\" data-id=\"69f1f6c866644\" data-height=\"300\" data-height-mobile=\"150\" data-height-tab=\"300\" data-height-tab-portrait=\"150\" data-height-mobile-landscape=\"150\" style=\"clear:both;display:block;\"><\/div>[\/vc_column][\/vc_row][vc_row type=&#8221;full-nopad&#8221; css_animation=&#8221;fadeIn&#8221; fadeout_row=&#8221;fadeout_row_value&#8221; fadeout_start_effect=&#8221;10&#8243;][vc_column][vc_column_text]<\/p>\n<h2 style=\"color: #d1cfcd !important;\">Cookies Policy<\/h2>\n<p>[\/vc_column_text][vc_empty_space height=&#8221;40px&#8221;][vc_column_text]<span style=\"color: #d1cfcd;\">COOKIES POLICY<\/span><br \/>\n<span style=\"color: #d1cfcd;\">Questo sito utilizza cookies, anche di terze parti, per migliorare l\u2019esperienza di navigazione e consentire a chi naviga di usufruire dei nostri servizi online.<\/span><br \/>\n<span style=\"color: #d1cfcd;\">La presente policy sui cookies deve essere letta insieme alla nostra <a style=\"color: #d1cfcd;\" href=\"http:\/\/www.factory42.it\/privacy-policy\/\">Privacy Policy<\/a> che ti invitiamo a consultare per ulteriori informazioni su che cosa facciamo e che cosa non facciamo con i tuoi dati personali.<\/span><br \/>\n<span style=\"color: #d1cfcd;\">Se prosegui nella navigazione del nostro sito acconsenti all\u2019utilizzo dei cookies.<\/span><br \/>\n<span style=\"color: #d1cfcd;\">I cookies utilizzati in questo sito rientrano nelle categorie descritte di seguito.<\/span><\/p>\n<p><span style=\"color: #d1cfcd;\">COSA SONO I COOKIES<\/span><br \/>\n<span style=\"color: #d1cfcd;\">I cookies sono piccoli file di testo inviati da siti web e memorizzati sul vostro computer, tablet, smartphone o altro dispositivo mobile. Essi contengono informazioni di base sulla navigazione in Internet e grazie al browser vengono riconosciuti ogni volta che l\u2019utente visita il sito. I cookies possono anche essere cookies di prime parti se impostati dal sito visitato, oppure cookies di terze parti se inviati da un sito diverso da quello visitato.<\/span><\/p>\n<p><span style=\"color: #d1cfcd;\">GESTIONE DEI COOKIES<\/span><br \/>\n<span style=\"color: #d1cfcd;\">Cookies tecnici<\/span><br \/>\n<span style=\"color: #d1cfcd;\">Questa tipologia di cookies permette il corretto funzionamento di alcune sezioni del sito. Sono di due categorie, persistenti e di sessione:<\/span><br \/>\n<span style=\"color: #d1cfcd;\">\u2013 persistenti: una volta chiuso il browser non vengono distrutti ma rimangono fino ad una data di scadenza preimpostata o finch\u00e9 l\u2019utente non li elimina;<\/span><br \/>\n<span style=\"color: #d1cfcd;\">\u2013 di sessione: vengono distrutti ogni volta che il browser viene chiuso.<\/span><\/p>\n<p><span style=\"color: #d1cfcd;\">Questi cookies sono necessari a visualizzare correttamente il sito e in relazione ai servizi tecnici offerti, verranno quindi sempre utilizzati e inviati, a meno che l\u2019utenza non modifichi le impostazioni nel proprio browser.<\/span><\/p>\n<p><span style=\"color: #d1cfcd;\">I cookies tecnici vengo utilizzati per le seguenti attivit\u00e0:<\/span><br \/>\n<span style=\"color: #d1cfcd;\">a) Attivit\u00e0 strettamente necessarie al funzionamento. Questi cookies hanno natura tecnica e permettono al sito di funzionare correttamente. Ad esempio, mantengono l\u2019utente collegato durante la navigazione evitando che il sito richieda di collegarsi pi\u00f9 volte per accedere alle varie pagine o sezioni del sito.<\/span><br \/>\n<span style=\"color: #d1cfcd;\">b) Attivit\u00e0 di salvataggio delle preferenze. Questi cookies permettono di ricordare le preferenze selezionate dall\u2019utente durante la navigazione, ad esempio, consentono di impostare la lingua.<\/span><br \/>\n<span style=\"color: #d1cfcd;\">c) Attivit\u00e0 Statistiche e di Misurazione dell\u2019audience. Questi cookies ci aiutano a capire, attraverso dati raccolti in forma anonima e aggregata, come gli utenti interagiscono con il nostro sito internet fornendoci informazioni relative alle sezioni visitate, il tempo trascorso sul sito, eventuali malfunzionamenti. Questo ci aiuta a migliorare la resa del nostro sito internet.<\/span><\/p>\n<p><span style=\"color: #d1cfcd;\">COOKIE DI TERZA PARTE<\/span><br \/>\n<span style=\"color: #d1cfcd;\">Facciamo uso di fornitori che possono a loro volta installare cookies per il corretto funzionamento dei servizi che stanno fornendo, sui quali non abbiamo alcun controllo. Se desiderate avere informazioni relative a questi cookies di terza parte e su come disabilitarli vi preghiamo di accedere ai link di collegamento sotto riportati per ogni cookie di terza parte.<\/span><\/p>\n<p><span style=\"color: #d1cfcd;\">INFORMAZIONI SUI COOKIES UTILIZZATI<\/span><br \/>\n<span style=\"color: #d1cfcd;\">Nome del cookie: _dc_gtm_UA<\/span><\/p>\n<p><span style=\"color: #d1cfcd;\">Scopo: Cookie di profilazione utilizzato per il tracking di Google Analytics.<\/span><br \/>\n<span style=\"color: #d1cfcd;\">Scadenza: fino a fine sessione<\/span><br \/>\n<span style=\"color: #d1cfcd;\">Terza parte: S\u00ec (Google Analytics), collegamento <a style=\"color: #d1cfcd;\" href=\"http:\/\/www.google.com\/policies\/privacy\/\">privacy policy di Google &gt;&gt;&gt;<\/a> <\/span><\/p>\n<p><span style=\"color: #d1cfcd;\">Nome del cookie: _ga<\/span><br \/>\n<span style=\"color: #d1cfcd;\">Scopo: Questo cookie viene utilizzato per distingue utenti unici per l\u2019assegnazione di un numero generato in modo casuale come identificatore client (ID cliente). Viene utilizzato per distinguere gli utenti attraverso dati raccolti in forma anonima e aggregata. Non vengono raccolte informazioni che identificano un visitatore.<\/span><br \/>\n<span style=\"color: #d1cfcd;\">Scadenza: dopo 2 anni<\/span><br \/>\n<span style=\"color: #d1cfcd;\">Terza parte: S\u00ec (Google Analytics), collegamento <a style=\"color: #d1cfcd;\" href=\"http:\/\/www.google.com\/policies\/privacy\/\">privacy policy di Google &gt;&gt;&gt;<\/a> <\/span><\/p>\n<p><span style=\"color: #d1cfcd;\">Nome del cookie: cookie_notice_accepted<\/span><br \/>\n<span style=\"color: #d1cfcd;\">Scopo: registra l\u2019accettazione alla continuazione della navigazione sul sito dopo aver cliccato su \u201cAccetto\u201d nel banner di informativa breve<\/span><br \/>\n<span style=\"color: #d1cfcd;\">Scadenza: 1 anno<\/span><br \/>\n<span style=\"color: #d1cfcd;\">Terza parte: no<\/span><\/p>\n<p><span style=\"color: #d1cfcd;\">Nome del cookie: wp-settings-1<\/span><br \/>\n<span style=\"color: #d1cfcd;\">Scopo: Permette la visualizzazione ottimizzata del sito wordpress e l\u2019utilizzo da parte dell\u2019amministratore<\/span><br \/>\n<span style=\"color: #d1cfcd;\">Scadenza: 1 anno<\/span><br \/>\n<span style=\"color: #d1cfcd;\">Terza parte: no<\/span><\/p>\n<p><span style=\"color: #d1cfcd;\">Nome del cookie: wp-settings-time-1<\/span><br \/>\n<span style=\"color: #d1cfcd;\">Scopo: Permette la visualizzazione ottimizzata del sito wordpress e l\u2019utilizzo da parte dell\u2019amministratore<\/span><br \/>\n<span style=\"color: #d1cfcd;\">Scadenza: 1 anno<\/span><br \/>\n<span style=\"color: #d1cfcd;\">Terza parte: no<\/span><\/p>\n<p><span style=\"color: #d1cfcd;\">Nome del cookie: wordpress_<\/span><br \/>\n<span style=\"color: #d1cfcd;\">Scopo: Serve per l\u2019autenticazione delle credenziali di accesso dell\u2019utente amministratore<\/span><br \/>\n<span style=\"color: #d1cfcd;\">Scadenza: 1 anno<\/span><br \/>\n<span style=\"color: #d1cfcd;\">Terza parte: no<\/span><\/p>\n<p><span style=\"color: #d1cfcd;\">Nome del cookie: wordpress_logged_in_<\/span><br \/>\n<span style=\"color: #d1cfcd;\">Scopo: Serve per l\u2019autenticazione delle credenziali di accesso dell\u2019utente che crea un account sul sito<\/span><br \/>\n<span style=\"color: #d1cfcd;\">Scadenza: 1 anno<\/span><br \/>\n<span style=\"color: #d1cfcd;\">Terza parte: no<\/span><\/p>\n<p><span style=\"color: #d1cfcd;\">In qualunque momento \u00e8 possibile disabilitare i cookies presenti sul browser; ti ricordiamo che quest\u2019opzione potrebbe limitare molte delle funzionalit\u00e0 di navigazione del sito.<\/span><\/p>\n<p><span style=\"color: #d1cfcd;\">ISTRUZIONI DISABILITAZIONE COOKIES DAI BROWSERS<\/span><br \/>\n<span style=\"color: #d1cfcd;\">disabilitazione dei cookie su <a style=\"color: #d1cfcd;\" href=\"https:\/\/support.mozilla.org\/it\/kb\/Attivare%20e%20disattivare%20i%20cookie\">Firefox<\/a><\/span><br \/>\n<span style=\"color: #d1cfcd;\">disabilitazione dei cookie su <a style=\"color: #d1cfcd;\" href=\"http:\/\/www.google.com\/policies\/technologies\/managing\/\">Chrome<\/a><\/span><br \/>\n<span style=\"color: #d1cfcd;\">disabilitazione dei cookie su <a style=\"color: #d1cfcd;\" href=\"http:\/\/windows.microsoft.com\/it-it\/internet-explorer\/delete-manage-cookies#ie=ie-11\">Internet Explorer<\/a><\/span><br \/>\n<span style=\"color: #d1cfcd;\">disabilitazione dei cookie su <a style=\"color: #d1cfcd;\" href=\"http:\/\/support.apple.com\/kb\/HT1677?viewlocale=it_IT&amp;locale=it_IT\">Safari<\/a><\/span><br \/>\n<span style=\"color: #d1cfcd;\">disabilitazione dei cookie su <a style=\"color: #d1cfcd;\" href=\"http:\/\/help.opera.com\/Mac\/12.10\/it\/cookies.html\">Opera<\/a><\/span><\/p>\n<p><span style=\"color: #d1cfcd;\">Se usi un qualsiasi altro browser, cerca nelle impostazioni del browser la modalit\u00e0 di gestione dei cookies.<\/span><br \/>\n<span style=\"color: #d1cfcd;\">Per saperne di pi\u00f9 riguardo la gestione dei cookies sul browser dei dispositivi mobili, consultare il manuale utente specifico. Puoi anche trovare ulteriori informazioni sui cookies e su come gestirli consultando il sito <a style=\"color: #d1cfcd;\" href=\"http:\/\/www.aboutcookies.org\/\"><strong>www.aboutcookies.org<\/strong><\/a>.<\/span><\/p>\n<p><span style=\"color: #d1cfcd;\">Inoltre accedendo alla pagina <a style=\"color: #d1cfcd;\" href=\"http:\/\/www.youronlinechoices.com\/it\/le-tue-scelte\"><strong>http:\/\/www.youronlinechoices.com\/it\/le-tue-scelte<\/strong><\/a> \u00e8 possibile informarsi sulla pubblicit\u00e0 comportamentale oltre che disattivare o attivare le societ\u00e0 elencate e che lavorano con i gestori dei siti web per raccogliere e utilizzare informazioni utili alla fruizione della pubblicit\u00e0.<\/span>[\/vc_column_text][\/vc_column][\/vc_row][vc_row][vc_column]<div class=\"ult-spacer spacer-69f1f6c8666b0\" data-id=\"69f1f6c8666b0\" data-height=\"300\" data-height-mobile=\"150\" data-height-tab=\"300\" data-height-tab-portrait=\"150\" data-height-mobile-landscape=\"150\" style=\"clear:both;display:block;\"><\/div>[\/vc_column][\/vc_row]<\/p>\n","protected":false},"excerpt":{"rendered":"<p>[vc_row][vc_column][\/vc_column][\/vc_row][vc_row type=&#8221;full-nopad&#8221; css_animation=&#8221;fadeIn&#8221; fadeout_row=&#8221;fadeout_row_value&#8221; fadeout_start_effect=&#8221;10&#8243;][vc_column][vc_column_text] Cookies Policy [\/vc_column_text][vc_empty_space height=&#8221;40px&#8221;][vc_column_text]COOKIES POLICY Questo sito utilizza cookies, anche di terze parti, per migliorare l\u2019esperienza di navigazione e consentire a chi naviga di usufruire dei nostri servizi online. La presente policy sui cookies deve essere letta insieme alla nostra Privacy Policy che ti invitiamo a consultare per ulteriori informazioni &hellip;<\/p>\n","protected":false},"author":1,"featured_media":0,"parent":0,"menu_order":0,"comment_status":"closed","ping_status":"closed","template":"","meta":{"footnotes":""},"class_list":["post-474","page","type-page","status-publish","hentry"],"_links":{"self":[{"href":"https:\/\/www.lalanterna.info\/en\/wp-json\/wp\/v2\/pages\/474","targetHints":{"allow":["GET"]}}],"collection":[{"href":"https:\/\/www.lalanterna.info\/en\/wp-json\/wp\/v2\/pages"}],"about":[{"href":"https:\/\/www.lalanterna.info\/en\/wp-json\/wp\/v2\/types\/page"}],"author":[{"embeddable":true,"href":"https:\/\/www.lalanterna.info\/en\/wp-json\/wp\/v2\/users\/1"}],"replies":[{"embeddable":true,"href":"https:\/\/www.lalanterna.info\/en\/wp-json\/wp\/v2\/comments?post=474"}],"version-history":[{"count":6,"href":"https:\/\/www.lalanterna.info\/en\/wp-json\/wp\/v2\/pages\/474\/revisions"}],"predecessor-version":[{"id":480,"href":"https:\/\/www.lalanterna.info\/en\/wp-json\/wp\/v2\/pages\/474\/revisions\/480"}],"wp:attachment":[{"href":"https:\/\/www.lalanterna.info\/en\/wp-json\/wp\/v2\/media?parent=474"}],"curies":[{"name":"wp","href":"https:\/\/api.w.org\/{rel}","templated":true}]}}